{"id":1025,"date":"2022-04-01T12:50:56","date_gmt":"2022-04-01T12:50:56","guid":{"rendered":"http:\/\/wpnexiona.com\/?page_id=1025"},"modified":"2022-04-21T07:15:28","modified_gmt":"2022-04-21T07:15:28","slug":"politica-de-seguridad","status":"publish","type":"page","link":"https:\/\/www.social-apps-nt.com\/nexiona\/es\/politica-de-seguridad\/","title":{"rendered":"Pol\u00edtica de seguridad"},"content":{"rendered":"<p>En Nexiona Connectocrats S.L., en adelante NEXIONA, nos dedicamos de una manera apasionada a la creaci\u00f3n de productos que aporten soluciones al mercado profesional de IoT, ofreciendo un compositor de software a Integradores de Sistemas, y soluciones personalizadas a los Fabricantes. <\/p>\n<p><\/p>\n<p>La proximidad, calidad de servicio y orientaci\u00f3n a resultados son nuestras se\u00f1as de identidad, por lo que, conscientes de la trascendencia de la seguridad de la informaci\u00f3n, y en consonancia con el camino que marca nuestra propia identidad, desde NEXIONA se ha impulsado el establecimiento de un <strong>Sistema de Gesti\u00f3n de la Seguridad de la Informaci\u00f3n (SGSI)<\/strong> de acuerdo a los requisitos de la norma ISO\/IEC 27001:2013 con el fin de identificar, evaluar y minimizar los riesgos a los que se expone su informaci\u00f3n y la de sus clientes as\u00ed como  garantizar el cumplimiento de los objetivos establecidos.<\/p>\n<p><\/p>\n<p>El objetivo principal de esta <strong>Pol\u00edtica de Seguridad<\/strong> es establecer un modelo de actuaci\u00f3n que nos permita desarrollar una cultura de empresa, una forma de trabajar y de tomar decisiones en NEXIONA, as\u00ed como lograr que la seguridad de la informaci\u00f3n y el respeto a los datos personales sean una constante:<\/p>\n<ul>\n<li>\tPreservando la <strong>confidencialidad <\/strong>de la informaci\u00f3n de nuestros clientes, evitando su divulgaci\u00f3n y el acceso por personas no autorizadas.<\/li>\n<li>\tManteniendo la <strong>integridad <\/strong>de la informaci\u00f3n de nuestros clientes, procurando su exactitud y evitando su deterioro.<\/li>\n<li>\tAsegurando la <strong>disponibilidad <\/strong>de la informaci\u00f3n de nuestros clientes, en todos los soportes y siempre que sea necesaria.<\/li>\n<\/ul>\n<p><\/p>\n<p>La Direcci\u00f3n, por su parte, valora especialmente y establece como criterio principal para la estimaci\u00f3n de sus riesgos la valoraci\u00f3n de la disponibilidad y confidencialidad de su informaci\u00f3n y a\u00fan m\u00e1s la de sus clientes. As\u00ed, se compromete a desarrollar, implantar, mantener y mejorar continuamente su SGSI con el objetivo de la mejora continua en la forma en que prestamos nuestros servicios y en la forma en que tratamos la informaci\u00f3n de nuestros clientes. Por ello, es pol\u00edtica de NEXIONA que:<\/p>\n<ul>\n<li>\tSe establezcan anualmente objetivos con relaci\u00f3n a la Seguridad de la Informaci\u00f3n.<\/li>\n<li>\tSe cumpla con los requisitos legales, contractuales y del negocio.<\/li>\n<li>\tSe realicen actividades de formaci\u00f3n y concienciaci\u00f3n en materia de los procesos de Seguridad de la Informaci\u00f3n para todo el personal.<\/li>\n<li>\tSe desarrolle un proceso de an\u00e1lisis, gesti\u00f3n y tratamiento del riesgo sobre los activos de informaci\u00f3n.<\/li>\n<li>\tSe establezcan los objetivos de control y los controles correspondientes para mitigar los riesgos detectados.<\/li>\n<li>\tSe establezca la responsabilidad de los empleados en relaci\u00f3n con:\n<ul>\n<li>\tReportar las violaciones a la seguridad. <\/li>\n<li>\tPreservar la confidencialidad, integridad y disponibilidad de los activos de informaci\u00f3n en cumplimiento de la presente pol\u00edtica. <\/li>\n<li>\tCumplir las pol\u00edticas y procedimientos inherentes al Sistema de Gesti\u00f3n de la Seguridad de la Informaci\u00f3n.<\/li>\n<\/ul>\n<\/li>\n<\/ul>\n<p><\/p>\n<p>El Responsable de Seguridad, en adelante Information Security Officer (ISO), ser\u00e1 el responsable directo del mantenimiento de esta pol\u00edtica, prestando consejo y gu\u00eda para su implementaci\u00f3n y correcciones ante desviaciones en su cumplimiento.<\/p>\n<p>La presente pol\u00edtica de seguridad de la informaci\u00f3n se hallar\u00e1 siempre alineada con las pol\u00edticas generales de la compa\u00f1\u00eda y con las que sirvan de marco a otros sistemas de gesti\u00f3n interna, como son las pol\u00edticas de calidad o medioambiente.<\/p>\n<p>En Barcelona a 15 de noviembre de 2016<br \/>\n<br \/>\nCEO<\/p>\n","protected":false},"excerpt":{"rendered":"<p>En Nexiona Connectocrats S.L., en adelante NEXIONA, nos dedicamos de una manera apasionada a la creaci\u00f3n de productos que aporten soluciones al mercado profesional de IoT, ofreciendo un compositor de software a Integradores de Sistemas, y soluciones personalizadas a los Fabricantes. La proximidad, calidad de servicio y orientaci\u00f3n a resultados son nuestras se\u00f1as de identidad,&hellip; <a class=\"more-link\" href=\"https:\/\/www.social-apps-nt.com\/nexiona\/es\/politica-de-seguridad\/\">Continue reading <span class=\"screen-reader-text\">Pol\u00edtica de seguridad<\/span><\/a><\/p>\n","protected":false},"author":1,"featured_media":0,"parent":0,"menu_order":0,"comment_status":"closed","ping_status":"closed","template":"ContentTemplate.php","meta":[],"yoast_head":"<!-- This site is optimized with the Yoast SEO plugin v18.5.1 - https:\/\/yoast.com\/wordpress\/plugins\/seo\/ -->\n<title>Pol\u00edtica de seguridad - Nexiona<\/title>\n<meta name=\"robots\" content=\"index, follow, max-snippet:-1, max-image-preview:large, max-video-preview:-1\" \/>\n<link rel=\"canonical\" href=\"https:\/\/www.social-apps-nt.com\/nexiona\/es\/politica-de-seguridad\/\" \/>\n<meta property=\"og:locale\" content=\"en_US\" \/>\n<meta property=\"og:type\" content=\"article\" \/>\n<meta property=\"og:title\" content=\"Pol\u00edtica de seguridad - Nexiona\" \/>\n<meta property=\"og:description\" content=\"En Nexiona Connectocrats S.L., en adelante NEXIONA, nos dedicamos de una manera apasionada a la creaci\u00f3n de productos que aporten soluciones al mercado profesional de IoT, ofreciendo un compositor de software a Integradores de Sistemas, y soluciones personalizadas a los Fabricantes. La proximidad, calidad de servicio y orientaci\u00f3n a resultados son nuestras se\u00f1as de identidad,&hellip; Continue reading Pol\u00edtica de seguridad\" \/>\n<meta property=\"og:url\" content=\"https:\/\/www.social-apps-nt.com\/nexiona\/es\/politica-de-seguridad\/\" \/>\n<meta property=\"og:site_name\" content=\"Nexiona\" \/>\n<meta property=\"article:modified_time\" content=\"2022-04-21T07:15:28+00:00\" \/>\n<meta name=\"twitter:card\" content=\"summary_large_image\" \/>\n<meta name=\"twitter:label1\" content=\"Est. reading time\" \/>\n\t<meta name=\"twitter:data1\" content=\"3 minutes\" \/>\n<script type=\"application\/ld+json\" class=\"yoast-schema-graph\">{\"@context\":\"https:\/\/schema.org\",\"@graph\":[{\"@type\":\"WebSite\",\"@id\":\"https:\/\/www.social-apps-nt.com\/nexiona\/#website\",\"url\":\"https:\/\/www.social-apps-nt.com\/nexiona\/\",\"name\":\"Nexiona\",\"description\":\"Bienvenidos a l mundo de la soberan\u00eda de datos en IoT y la Industria 4.0 - Nexiona\",\"potentialAction\":[{\"@type\":\"SearchAction\",\"target\":{\"@type\":\"EntryPoint\",\"urlTemplate\":\"https:\/\/www.social-apps-nt.com\/nexiona\/?s={search_term_string}\"},\"query-input\":\"required name=search_term_string\"}],\"inLanguage\":\"en-US\"},{\"@type\":\"WebPage\",\"@id\":\"https:\/\/www.social-apps-nt.com\/nexiona\/es\/politica-de-seguridad\/#webpage\",\"url\":\"https:\/\/www.social-apps-nt.com\/nexiona\/es\/politica-de-seguridad\/\",\"name\":\"Pol\u00edtica de seguridad - Nexiona\",\"isPartOf\":{\"@id\":\"https:\/\/www.social-apps-nt.com\/nexiona\/#website\"},\"datePublished\":\"2022-04-01T12:50:56+00:00\",\"dateModified\":\"2022-04-21T07:15:28+00:00\",\"breadcrumb\":{\"@id\":\"https:\/\/www.social-apps-nt.com\/nexiona\/es\/politica-de-seguridad\/#breadcrumb\"},\"inLanguage\":\"en-US\",\"potentialAction\":[{\"@type\":\"ReadAction\",\"target\":[\"https:\/\/www.social-apps-nt.com\/nexiona\/es\/politica-de-seguridad\/\"]}]},{\"@type\":\"BreadcrumbList\",\"@id\":\"https:\/\/www.social-apps-nt.com\/nexiona\/es\/politica-de-seguridad\/#breadcrumb\",\"itemListElement\":[{\"@type\":\"ListItem\",\"position\":1,\"name\":\"Home\",\"item\":\"https:\/\/nexiona.com\/\"},{\"@type\":\"ListItem\",\"position\":2,\"name\":\"Pol\u00edtica de seguridad\"}]}]}<\/script>\n<!-- \/ Yoast SEO plugin. -->","yoast_head_json":{"title":"Pol\u00edtica de seguridad - Nexiona","robots":{"index":"index","follow":"follow","max-snippet":"max-snippet:-1","max-image-preview":"max-image-preview:large","max-video-preview":"max-video-preview:-1"},"canonical":"https:\/\/www.social-apps-nt.com\/nexiona\/es\/politica-de-seguridad\/","og_locale":"en_US","og_type":"article","og_title":"Pol\u00edtica de seguridad - Nexiona","og_description":"En Nexiona Connectocrats S.L., en adelante NEXIONA, nos dedicamos de una manera apasionada a la creaci\u00f3n de productos que aporten soluciones al mercado profesional de IoT, ofreciendo un compositor de software a Integradores de Sistemas, y soluciones personalizadas a los Fabricantes. La proximidad, calidad de servicio y orientaci\u00f3n a resultados son nuestras se\u00f1as de identidad,&hellip; Continue reading Pol\u00edtica de seguridad","og_url":"https:\/\/www.social-apps-nt.com\/nexiona\/es\/politica-de-seguridad\/","og_site_name":"Nexiona","article_modified_time":"2022-04-21T07:15:28+00:00","twitter_card":"summary_large_image","twitter_misc":{"Est. reading time":"3 minutes"},"schema":{"@context":"https:\/\/schema.org","@graph":[{"@type":"WebSite","@id":"https:\/\/www.social-apps-nt.com\/nexiona\/#website","url":"https:\/\/www.social-apps-nt.com\/nexiona\/","name":"Nexiona","description":"Bienvenidos a l mundo de la soberan\u00eda de datos en IoT y la Industria 4.0 - Nexiona","potentialAction":[{"@type":"SearchAction","target":{"@type":"EntryPoint","urlTemplate":"https:\/\/www.social-apps-nt.com\/nexiona\/?s={search_term_string}"},"query-input":"required name=search_term_string"}],"inLanguage":"en-US"},{"@type":"WebPage","@id":"https:\/\/www.social-apps-nt.com\/nexiona\/es\/politica-de-seguridad\/#webpage","url":"https:\/\/www.social-apps-nt.com\/nexiona\/es\/politica-de-seguridad\/","name":"Pol\u00edtica de seguridad - Nexiona","isPartOf":{"@id":"https:\/\/www.social-apps-nt.com\/nexiona\/#website"},"datePublished":"2022-04-01T12:50:56+00:00","dateModified":"2022-04-21T07:15:28+00:00","breadcrumb":{"@id":"https:\/\/www.social-apps-nt.com\/nexiona\/es\/politica-de-seguridad\/#breadcrumb"},"inLanguage":"en-US","potentialAction":[{"@type":"ReadAction","target":["https:\/\/www.social-apps-nt.com\/nexiona\/es\/politica-de-seguridad\/"]}]},{"@type":"BreadcrumbList","@id":"https:\/\/www.social-apps-nt.com\/nexiona\/es\/politica-de-seguridad\/#breadcrumb","itemListElement":[{"@type":"ListItem","position":1,"name":"Home","item":"https:\/\/nexiona.com\/"},{"@type":"ListItem","position":2,"name":"Pol\u00edtica de seguridad"}]}]}},"_links":{"self":[{"href":"https:\/\/www.social-apps-nt.com\/nexiona\/wp-json\/wp\/v2\/pages\/1025"}],"collection":[{"href":"https:\/\/www.social-apps-nt.com\/nexiona\/wp-json\/wp\/v2\/pages"}],"about":[{"href":"https:\/\/www.social-apps-nt.com\/nexiona\/wp-json\/wp\/v2\/types\/page"}],"author":[{"embeddable":true,"href":"https:\/\/www.social-apps-nt.com\/nexiona\/wp-json\/wp\/v2\/users\/1"}],"replies":[{"embeddable":true,"href":"https:\/\/www.social-apps-nt.com\/nexiona\/wp-json\/wp\/v2\/comments?post=1025"}],"version-history":[{"count":3,"href":"https:\/\/www.social-apps-nt.com\/nexiona\/wp-json\/wp\/v2\/pages\/1025\/revisions"}],"predecessor-version":[{"id":1245,"href":"https:\/\/www.social-apps-nt.com\/nexiona\/wp-json\/wp\/v2\/pages\/1025\/revisions\/1245"}],"wp:attachment":[{"href":"https:\/\/www.social-apps-nt.com\/nexiona\/wp-json\/wp\/v2\/media?parent=1025"}],"curies":[{"name":"wp","href":"https:\/\/api.w.org\/{rel}","templated":true}]}}