{"id":1013,"date":"2022-04-01T12:46:14","date_gmt":"2022-04-01T12:46:14","guid":{"rendered":"http:\/\/wpnexiona.com\/?page_id=1013"},"modified":"2022-04-19T09:44:08","modified_gmt":"2022-04-19T09:44:08","slug":"politica-de-privacidad","status":"publish","type":"page","link":"https:\/\/www.social-apps-nt.com\/nexiona\/es\/politica-de-privacidad\/","title":{"rendered":"Pol\u00edtica de privacidad"},"content":{"rendered":"<p><!--\n\n<h2>ISO 27001<\/h2>\n\n\n\n\n<p>Nos tomamos la seguridad en serio<\/p>\n\n\n\n\n\n<div class=\"flexHalf\">\n\n\n<p>NEXIONA ha adoptado voluntariamente la <a href=\"https:\/\/www.iso.org\/isoiec-27001-information-security.html\" target=\"_blank\" rel=\"noopener\">norma ISO 27001<\/a> que garantiza una implementaci\u00f3n efectiva de nuestra Pol\u00edtica de seguridad de la informaci\u00f3n, aplicando las medidas de seguridad y los procedimientos de gesti\u00f3n necesarios para su cumplimiento.<\/p>\n\n\n<img width=\"550\" src=\"https:\/\/www.social-apps-nt.com\/nexiona\/wp-content\/uploads\/2022\/04\/TUV-ISO-NEXIONA.png\" alt=\"T\u00dcV Rheinland\" \/>\n<\/div>\n\n\n\n\n\n\n\n\n<h2>Sistema de Gesti\u00f3n de la Seguridad de la Informaci\u00f3n<\/h2>\n\n\nNEXIONA tiene un Sistema de Gesti\u00f3n de Seguridad de la Informaci\u00f3n (SGSI) certificado seg\u00fan la norma ISO\/IEC 27001:2013, para el \u00e1mbito de los sistemas de informaci\u00f3n que dan soporte a las actividades de desarrollo, soporte t\u00e9cnico y el alojamiento cloud para nuestras soluciones profesionales IoT seg\u00fan la declaraci\u00f3n de aplicabilidad vigente. El documento que lo certifica est\u00e1 <a href=\"https:\/\/www.social-apps-nt.com\/nexiona\/wp-content\/uploads\/2022\/04\/01-153-1716940_Main_ES.pdf\" download=\"\">disponible en formato PDF<\/a> o su contenido tambi\u00e9n puede verificarse online en la base de datos de <a href=\"https:\/\/www.certipedia.com\/quality_marks\/9108642963?certificate_number=01+153+1716940&amp;locale=es\" target=\"_blank\" rel=\"noopener\">T\u00dcV Rheinland Certipedia<\/a>.\n\nNEXIONA ha adoptado voluntariamente la norma ISO 27001, que garantiza que se aplican las medidas de seguridad y los procedimientos de gesti\u00f3n necesarios. Y el logro de la certificaci\u00f3n es el resultado de la implementaci\u00f3n efectiva de nuestra <a href=\"\/nexiona\/es\/politica-de-seguridad\/\">Pol\u00edtica de Seguridad de la Informaci\u00f3n<\/a>, que brinda cuatro beneficios principales a nuestros clientes y socios:\n\n\n<ul>\n \t\n\n<li>Reducci\u00f3n del riesgo, gracias a una revisi\u00f3n constante de los riesgos<\/li>\n\n\n \t\n\n<li>Continuidad del negocio en caso de incidentes graves<\/li>\n\n\n \t\n\n<li>Cumplimiento de la legislaci\u00f3n vigente<\/li>\n\n\n \t\n\n<li>Aumento de la seguridad<\/li>\n\n\n<\/ul>\n\n\n--><\/p>\n","protected":false},"excerpt":{"rendered":"","protected":false},"author":1,"featured_media":0,"parent":0,"menu_order":0,"comment_status":"closed","ping_status":"open","template":"ContentTemplate.php","meta":[],"yoast_head":"<!-- This site is optimized with the Yoast SEO plugin v18.5.1 - https:\/\/yoast.com\/wordpress\/plugins\/seo\/ -->\n<title>Pol\u00edtica de privacidad - Nexiona<\/title>\n<meta name=\"robots\" content=\"index, follow, max-snippet:-1, max-image-preview:large, max-video-preview:-1\" \/>\n<link rel=\"canonical\" href=\"https:\/\/www.social-apps-nt.com\/nexiona\/es\/politica-de-privacidad\/\" \/>\n<meta property=\"og:locale\" content=\"en_US\" \/>\n<meta property=\"og:type\" content=\"article\" \/>\n<meta property=\"og:title\" content=\"Pol\u00edtica de privacidad - Nexiona\" \/>\n<meta property=\"og:url\" content=\"https:\/\/www.social-apps-nt.com\/nexiona\/es\/politica-de-privacidad\/\" \/>\n<meta property=\"og:site_name\" content=\"Nexiona\" \/>\n<meta property=\"article:modified_time\" content=\"2022-04-19T09:44:08+00:00\" \/>\n<meta property=\"og:image\" content=\"https:\/\/www.social-apps-nt.com\/nexiona\/wp-content\/uploads\/2022\/04\/TUV-ISO-NEXIONA.png\" \/>\n<meta name=\"twitter:card\" content=\"summary_large_image\" \/>\n<script type=\"application\/ld+json\" class=\"yoast-schema-graph\">{\"@context\":\"https:\/\/schema.org\",\"@graph\":[{\"@type\":\"WebSite\",\"@id\":\"https:\/\/www.social-apps-nt.com\/nexiona\/#website\",\"url\":\"https:\/\/www.social-apps-nt.com\/nexiona\/\",\"name\":\"Nexiona\",\"description\":\"Bienvenidos a l mundo de la soberan\u00eda de datos en IoT y la Industria 4.0 - Nexiona\",\"potentialAction\":[{\"@type\":\"SearchAction\",\"target\":{\"@type\":\"EntryPoint\",\"urlTemplate\":\"https:\/\/www.social-apps-nt.com\/nexiona\/?s={search_term_string}\"},\"query-input\":\"required name=search_term_string\"}],\"inLanguage\":\"en-US\"},{\"@type\":\"ImageObject\",\"@id\":\"https:\/\/www.social-apps-nt.com\/nexiona\/es\/politica-de-privacidad\/#primaryimage\",\"inLanguage\":\"en-US\",\"url\":\"https:\/\/www.social-apps-nt.com\/nexiona\/wp-content\/uploads\/2022\/04\/TUV-ISO-NEXIONA.png\",\"contentUrl\":\"https:\/\/www.social-apps-nt.com\/nexiona\/wp-content\/uploads\/2022\/04\/TUV-ISO-NEXIONA.png\",\"width\":3000,\"height\":1106},{\"@type\":\"WebPage\",\"@id\":\"https:\/\/www.social-apps-nt.com\/nexiona\/es\/politica-de-privacidad\/#webpage\",\"url\":\"https:\/\/www.social-apps-nt.com\/nexiona\/es\/politica-de-privacidad\/\",\"name\":\"Pol\u00edtica de privacidad - Nexiona\",\"isPartOf\":{\"@id\":\"https:\/\/www.social-apps-nt.com\/nexiona\/#website\"},\"primaryImageOfPage\":{\"@id\":\"https:\/\/www.social-apps-nt.com\/nexiona\/es\/politica-de-privacidad\/#primaryimage\"},\"datePublished\":\"2022-04-01T12:46:14+00:00\",\"dateModified\":\"2022-04-19T09:44:08+00:00\",\"breadcrumb\":{\"@id\":\"https:\/\/www.social-apps-nt.com\/nexiona\/es\/politica-de-privacidad\/#breadcrumb\"},\"inLanguage\":\"en-US\",\"potentialAction\":[{\"@type\":\"ReadAction\",\"target\":[\"https:\/\/www.social-apps-nt.com\/nexiona\/es\/politica-de-privacidad\/\"]}]},{\"@type\":\"BreadcrumbList\",\"@id\":\"https:\/\/www.social-apps-nt.com\/nexiona\/es\/politica-de-privacidad\/#breadcrumb\",\"itemListElement\":[{\"@type\":\"ListItem\",\"position\":1,\"name\":\"Home\",\"item\":\"https:\/\/nexiona.com\/\"},{\"@type\":\"ListItem\",\"position\":2,\"name\":\"Pol\u00edtica de privacidad\"}]}]}<\/script>\n<!-- \/ Yoast SEO plugin. -->","yoast_head_json":{"title":"Pol\u00edtica de privacidad - Nexiona","robots":{"index":"index","follow":"follow","max-snippet":"max-snippet:-1","max-image-preview":"max-image-preview:large","max-video-preview":"max-video-preview:-1"},"canonical":"https:\/\/www.social-apps-nt.com\/nexiona\/es\/politica-de-privacidad\/","og_locale":"en_US","og_type":"article","og_title":"Pol\u00edtica de privacidad - Nexiona","og_url":"https:\/\/www.social-apps-nt.com\/nexiona\/es\/politica-de-privacidad\/","og_site_name":"Nexiona","article_modified_time":"2022-04-19T09:44:08+00:00","og_image":[{"url":"https:\/\/www.social-apps-nt.com\/nexiona\/wp-content\/uploads\/2022\/04\/TUV-ISO-NEXIONA.png"}],"twitter_card":"summary_large_image","schema":{"@context":"https:\/\/schema.org","@graph":[{"@type":"WebSite","@id":"https:\/\/www.social-apps-nt.com\/nexiona\/#website","url":"https:\/\/www.social-apps-nt.com\/nexiona\/","name":"Nexiona","description":"Bienvenidos a l mundo de la soberan\u00eda de datos en IoT y la Industria 4.0 - Nexiona","potentialAction":[{"@type":"SearchAction","target":{"@type":"EntryPoint","urlTemplate":"https:\/\/www.social-apps-nt.com\/nexiona\/?s={search_term_string}"},"query-input":"required name=search_term_string"}],"inLanguage":"en-US"},{"@type":"ImageObject","@id":"https:\/\/www.social-apps-nt.com\/nexiona\/es\/politica-de-privacidad\/#primaryimage","inLanguage":"en-US","url":"https:\/\/www.social-apps-nt.com\/nexiona\/wp-content\/uploads\/2022\/04\/TUV-ISO-NEXIONA.png","contentUrl":"https:\/\/www.social-apps-nt.com\/nexiona\/wp-content\/uploads\/2022\/04\/TUV-ISO-NEXIONA.png","width":3000,"height":1106},{"@type":"WebPage","@id":"https:\/\/www.social-apps-nt.com\/nexiona\/es\/politica-de-privacidad\/#webpage","url":"https:\/\/www.social-apps-nt.com\/nexiona\/es\/politica-de-privacidad\/","name":"Pol\u00edtica de privacidad - Nexiona","isPartOf":{"@id":"https:\/\/www.social-apps-nt.com\/nexiona\/#website"},"primaryImageOfPage":{"@id":"https:\/\/www.social-apps-nt.com\/nexiona\/es\/politica-de-privacidad\/#primaryimage"},"datePublished":"2022-04-01T12:46:14+00:00","dateModified":"2022-04-19T09:44:08+00:00","breadcrumb":{"@id":"https:\/\/www.social-apps-nt.com\/nexiona\/es\/politica-de-privacidad\/#breadcrumb"},"inLanguage":"en-US","potentialAction":[{"@type":"ReadAction","target":["https:\/\/www.social-apps-nt.com\/nexiona\/es\/politica-de-privacidad\/"]}]},{"@type":"BreadcrumbList","@id":"https:\/\/www.social-apps-nt.com\/nexiona\/es\/politica-de-privacidad\/#breadcrumb","itemListElement":[{"@type":"ListItem","position":1,"name":"Home","item":"https:\/\/nexiona.com\/"},{"@type":"ListItem","position":2,"name":"Pol\u00edtica de privacidad"}]}]}},"_links":{"self":[{"href":"https:\/\/www.social-apps-nt.com\/nexiona\/wp-json\/wp\/v2\/pages\/1013"}],"collection":[{"href":"https:\/\/www.social-apps-nt.com\/nexiona\/wp-json\/wp\/v2\/pages"}],"about":[{"href":"https:\/\/www.social-apps-nt.com\/nexiona\/wp-json\/wp\/v2\/types\/page"}],"author":[{"embeddable":true,"href":"https:\/\/www.social-apps-nt.com\/nexiona\/wp-json\/wp\/v2\/users\/1"}],"replies":[{"embeddable":true,"href":"https:\/\/www.social-apps-nt.com\/nexiona\/wp-json\/wp\/v2\/comments?post=1013"}],"version-history":[{"count":6,"href":"https:\/\/www.social-apps-nt.com\/nexiona\/wp-json\/wp\/v2\/pages\/1013\/revisions"}],"predecessor-version":[{"id":1229,"href":"https:\/\/www.social-apps-nt.com\/nexiona\/wp-json\/wp\/v2\/pages\/1013\/revisions\/1229"}],"wp:attachment":[{"href":"https:\/\/www.social-apps-nt.com\/nexiona\/wp-json\/wp\/v2\/media?parent=1013"}],"curies":[{"name":"wp","href":"https:\/\/api.w.org\/{rel}","templated":true}]}}